{"id":2102,"date":"2019-12-18T14:55:23","date_gmt":"2019-12-18T13:55:23","guid":{"rendered":"https:\/\/flipptryck.a-demo.se\/?page_id=2102"},"modified":"2022-04-25T13:03:02","modified_gmt":"2022-04-25T11:03:02","slug":"offert","status":"publish","type":"page","link":"https:\/\/anew-atta45.c3562.cloudnet.cloud\/e-butik\/offert\/","title":{"rendered":"Offert"},"content":{"rendered":"<section class=\"block hero default\" style=\"background-image: url( https:\/\/www.atta45.se\/wp-content\/uploads\/sites\/1\/2020\/03\/845_BANNER_Q_NEW-scaled.jpg );\">\r\n\t<div class=\"hero--inner editor_content white\">\r\n\t\t<h1 style=\"text-align: center;\">Hittar du inte det du s\u00f6kte?<\/h1>\n\t<\/div>\r\n<\/section>\r\n\n\n<section class=\"content-block block container-fluid bg--white\">\r\n\t    \t\t<div class=\"row justify-content-center content-block--row\">\r\n\t<div class=\"col-lg-8 col-md-10 col-12 editor_content\">\r\n\t\t<h5 style=\"text-align: center\">Fyll i formul\u00e4ret nedan s\u00e5 \u00e5terkommer vi till dig med ett kostnadsf\u00f6rslag eller kontakta oss p\u00e5 <a href=\"mailto:offert@atta45.se\">offert@atta45.se<\/a><\/h5>\n\t<\/div>\r\n<\/div>    \t<\/section>\r\n\n\n<section class=\"block centered-form container-fluid\">\r\n\t<div class=\"row justify-content-center\">\r\n\t\t<div class=\"col-12 col-lg-7 col-md-10\">\r\n\t\t\t<script type=\"text\/javascript\">\n\/* <![CDATA[ *\/\nvar gform;gform||(document.addEventListener(\"gform_main_scripts_loaded\",function(){gform.scriptsLoaded=!0}),document.addEventListener(\"gform\/theme\/scripts_loaded\",function(){gform.themeScriptsLoaded=!0}),window.addEventListener(\"DOMContentLoaded\",function(){gform.domLoaded=!0}),gform={domLoaded:!1,scriptsLoaded:!1,themeScriptsLoaded:!1,isFormEditor:()=>\"function\"==typeof InitializeEditor,callIfLoaded:function(o){return!(!gform.domLoaded||!gform.scriptsLoaded||!gform.themeScriptsLoaded&&!gform.isFormEditor()||(gform.isFormEditor()&&console.warn(\"The use of gform.initializeOnLoaded() is deprecated in the form editor context and will be removed in Gravity Forms 3.1.\"),o(),0))},initializeOnLoaded:function(o){gform.callIfLoaded(o)||(document.addEventListener(\"gform_main_scripts_loaded\",()=>{gform.scriptsLoaded=!0,gform.callIfLoaded(o)}),document.addEventListener(\"gform\/theme\/scripts_loaded\",()=>{gform.themeScriptsLoaded=!0,gform.callIfLoaded(o)}),window.addEventListener(\"DOMContentLoaded\",()=>{gform.domLoaded=!0,gform.callIfLoaded(o)}))},hooks:{action:{},filter:{}},addAction:function(o,r,e,t){gform.addHook(\"action\",o,r,e,t)},addFilter:function(o,r,e,t){gform.addHook(\"filter\",o,r,e,t)},doAction:function(o){gform.doHook(\"action\",o,arguments)},applyFilters:function(o){return gform.doHook(\"filter\",o,arguments)},removeAction:function(o,r){gform.removeHook(\"action\",o,r)},removeFilter:function(o,r,e){gform.removeHook(\"filter\",o,r,e)},addHook:function(o,r,e,t,n){null==gform.hooks[o][r]&&(gform.hooks[o][r]=[]);var d=gform.hooks[o][r];null==n&&(n=r+\"_\"+d.length),gform.hooks[o][r].push({tag:n,callable:e,priority:t=null==t?10:t})},doHook:function(r,o,e){var t;if(e=Array.prototype.slice.call(e,1),null!=gform.hooks[r][o]&&((o=gform.hooks[r][o]).sort(function(o,r){return o.priority-r.priority}),o.forEach(function(o){\"function\"!=typeof(t=o.callable)&&(t=window[t]),\"action\"==r?t.apply(null,e):e[0]=t.apply(null,e)})),\"filter\"==r)return e[0]},removeHook:function(o,r,t,n){var e;null!=gform.hooks[o][r]&&(e=(e=gform.hooks[o][r]).filter(function(o,r,e){return!!(null!=n&&n!=o.tag||null!=t&&t!=o.priority)}),gform.hooks[o][r]=e)}});\n\/* ]]> *\/\n<\/script>\n\n                <div class='gf_browser_gecko gform_wrapper gform_legacy_markup_wrapper gform-theme--no-framework' data-form-theme='legacy' data-form-index='0' id='gform_wrapper_7' >\n                        <div class='gform_heading'>\n                            <h3 class=\"gform_title\">Offertf\u00f6rfr\u00e5gan e-butik<\/h3>\n                            <p class='gform_description'><\/p>\n                        <\/div><form method='post' enctype='multipart\/form-data' target='gform_ajax_frame_7' id='gform_7'  action='\/e-butik\/wp-json\/wp\/v2\/pages\/2102' data-formid='7' novalidate>\n                        <div class='gform-body gform_body'><ul id='gform_fields_7' class='gform_fields top_label form_sublabel_below description_below validation_below'><li id=\"field_7_17\" class=\"gfield gfield--type-honeypot gform_validation_container field_sublabel_below gfield--has-description field_description_below field_validation_below gfield_visibility_visible gform_honeypot\"  data-field-class=\"gform_honeypot\" ><label class='gfield_label gform-field-label' for='input_7_17'>Company<\/label><div class='ginput_container'><input name='input_17' id='input_7_17' type='text' value='' autocomplete='new-password'\/><\/div><div class='gfield_description' id='gfield_description_7_17'>Detta f\u00e4lt anv\u00e4nds f\u00f6r validerings\u00e4ndam\u00e5l och ska l\u00e4mnas of\u00f6r\u00e4ndrat.<\/div><\/li><li id=\"field_7_13\" class=\"gfield gfield--type-text field_sublabel_below gfield--no-description field_description_below field_validation_below gfield_visibility_visible gform_text\"  data-field-class=\"gform_text\" ><label class='gfield_label gform-field-label' for='input_7_13'>Produktnamn<\/label><div class='ginput_container ginput_container_text'><input name='input_13' id='input_7_13' type='text' value='' class='medium'   tabindex='999' placeholder='Typ av trycksak (ex. folder, blad)'  aria-invalid=\"false\"   \/><\/div><\/li><li id=\"field_7_9\" class=\"gfield gfield--type-text gfield_contains_required field_sublabel_below gfield--no-description field_description_below field_validation_below gfield_visibility_visible gform_text\"  data-field-class=\"gform_text\" ><label class='gfield_label gform-field-label' for='input_7_9'>Antal exemplar<span class=\"gfield_required\"><span class=\"gfield_required gfield_required_asterisk\">*<\/span><\/span><\/label><div class='ginput_container ginput_container_text'><input name='input_9' id='input_7_9' type='text' value='' class='medium'   tabindex='1000' placeholder='Hur m\u00e5nga vill du best\u00e4lla?' aria-required=\"true\" aria-invalid=\"false\"   \/><\/div><\/li><li id=\"field_7_14\" class=\"gfield gfield--type-text gfield_contains_required field_sublabel_below gfield--no-description field_description_below field_validation_below gfield_visibility_visible gform_text\"  data-field-class=\"gform_text\" ><label class='gfield_label gform-field-label' for='input_7_14'>Format\/storlek<span class=\"gfield_required\"><span class=\"gfield_required gfield_required_asterisk\">*<\/span><\/span><\/label><div class='ginput_container ginput_container_text'><input name='input_14' id='input_7_14' type='text' value='' class='medium'   tabindex='1001' placeholder='Format (ex. A4, 50x70 cm)' aria-required=\"true\" aria-invalid=\"false\"   \/><\/div><\/li><li id=\"field_7_10\" class=\"gfield gfield--type-text gfield_contains_required field_sublabel_below gfield--no-description field_description_below field_validation_below gfield_visibility_visible gform_text\"  data-field-class=\"gform_text\" ><label class='gfield_label gform-field-label' for='input_7_10'>Antal sidor<span class=\"gfield_required\"><span class=\"gfield_required gfield_required_asterisk\">*<\/span><\/span><\/label><div class='ginput_container ginput_container_text'><input name='input_10' id='input_7_10' type='text' value='' class='medium'   tabindex='1002' placeholder='Hur m\u00e5nga sidor inneh\u00e5ller varje ex' aria-required=\"true\" aria-invalid=\"false\"   \/><\/div><\/li><li id=\"field_7_3\" class=\"gfield gfield--type-text half field_sublabel_below gfield--no-description field_description_below field_validation_below gfield_visibility_visible gform_text\"  data-field-class=\"gform_text\" ><label class='gfield_label gform-field-label' for='input_7_3'>F\u00f6retag<\/label><div class='ginput_container ginput_container_text'><input name='input_3' id='input_7_3' type='text' value='' class='medium'   tabindex='1003' placeholder='F\u00f6retag'  aria-invalid=\"false\"   \/><\/div><\/li><li id=\"field_7_1\" class=\"gfield gfield--type-text half gfield_contains_required field_sublabel_below gfield--no-description field_description_below field_validation_below gfield_visibility_visible gform_text\"  data-field-class=\"gform_text\" ><label class='gfield_label gform-field-label' for='input_7_1'>Namn<span class=\"gfield_required\"><span class=\"gfield_required gfield_required_asterisk\">*<\/span><\/span><\/label><div class='ginput_container ginput_container_text'><input name='input_1' id='input_7_1' type='text' value='' class='medium'   tabindex='1004' placeholder='F\u00f6rnamn Efternamn' aria-required=\"true\" aria-invalid=\"false\"   \/><\/div><\/li><li id=\"field_7_8\" class=\"gfield gfield--type-text half field_sublabel_below gfield--no-description field_description_below field_validation_below gfield_visibility_visible gform_text\"  data-field-class=\"gform_text\" ><label class='gfield_label gform-field-label' for='input_7_8'>Telefon<\/label><div class='ginput_container ginput_container_text'><input name='input_8' id='input_7_8' type='text' value='' class='medium'   tabindex='1005' placeholder='Telefon'  aria-invalid=\"false\"   \/><\/div><\/li><li id=\"field_7_4\" class=\"gfield gfield--type-text half gfield_contains_required field_sublabel_below gfield--no-description field_description_below field_validation_below gfield_visibility_visible gform_text\"  data-field-class=\"gform_text\" ><label class='gfield_label gform-field-label' for='input_7_4'>E-postadress<span class=\"gfield_required\"><span class=\"gfield_required gfield_required_asterisk\">*<\/span><\/span><\/label><div class='ginput_container ginput_container_text'><input name='input_4' id='input_7_4' type='text' value='' class='medium'   tabindex='1006' placeholder='E-post' aria-required=\"true\" aria-invalid=\"false\"   \/><\/div><\/li><li id=\"field_7_12\" class=\"gfield gfield--type-text field_sublabel_below gfield--no-description field_description_below field_validation_below gfield_visibility_visible gform_text\"  data-field-class=\"gform_text\" ><label class='gfield_label gform-field-label' for='input_7_12'>Meddelande\/\u00f6vrig information<\/label><div class='ginput_container ginput_container_text'><input name='input_12' id='input_7_12' type='text' value='' class='large'   tabindex='1007' placeholder='\u00d6vrig beskrivning'  aria-invalid=\"false\"   \/><\/div><\/li><li id=\"field_7_16\" class=\"gfield gfield--type-consent gfield--type-choice gfield--input-type-consent gfield_contains_required field_sublabel_below gfield--no-description field_description_below field_validation_below gfield_visibility_visible gform_consent\"  data-field-class=\"gform_consent\" ><label class='gfield_label gform-field-label gfield_label_before_complex' >Consent<span class=\"gfield_required\"><span class=\"gfield_required gfield_required_asterisk\">*<\/span><\/span><\/label><div class='ginput_container ginput_container_consent'><input name='input_16.1' id='input_7_16_1' type='checkbox' value='1' tabindex='1008'  aria-required=\"true\" aria-invalid=\"false\"   \/> <label class=\"gform-field-label gform-field-label--type-inline gfield_consent_label\" for='input_7_16_1' >Jag godk\u00e4nner att ni hanterar mina uppgifter enligt er <a href=\"\/e-butik\/personuppgiftsbehandling\">personuppgiftspolicy<\/a>.<\/label><input type='hidden' name='input_16.2' value='Jag godk\u00e4nner att ni hanterar mina uppgifter enligt er &lt;a href=&quot;\/e-butik\/personuppgiftsbehandling&quot;&gt;personuppgiftspolicy&lt;\/a&gt;.' class='gform_hidden' \/><input type='hidden' name='input_16.3' value='6' class='gform_hidden' \/><\/div><\/li><\/ul><\/div>\n        <div class='gform-footer gform_footer top_label'> <button class='btn btn--primary' id='gform_submit_button_7'><span>Skicka offertf\u00f6rfr\u00e5gan<\/span><\/button> <input type='hidden' name='gform_ajax' value='form_id=7&amp;title=1&amp;description=1&amp;tabindex=999&amp;theme=legacy&amp;hash=0b6f50e7f7c2fcfc292be94147cd7d77' \/>\n            <input type='hidden' class='gform_hidden' name='gform_submission_method' data-js='gform_submission_method_7' value='iframe' \/>\n            <input type='hidden' class='gform_hidden' name='gform_theme' data-js='gform_theme_7' id='gform_theme_7' value='legacy' \/>\n            <input type='hidden' class='gform_hidden' name='gform_style_settings' data-js='gform_style_settings_7' id='gform_style_settings_7' value='' \/>\n            <input type='hidden' class='gform_hidden' name='is_submit_7' value='1' \/>\n            <input type='hidden' class='gform_hidden' name='gform_submit' value='7' \/>\n            \n            <input type='hidden' class='gform_hidden' name='gform_currency' data-currency='SEK' value='XT7\/H9CZ4WztUAUKoIgv09WDJnaobraaAelNga+KCRjilC0JKTYe3\/7QSBzvgmp2Wev5MhKWVpdj6ed6t4QRDUAfDVcq8oO5EmeQ1p5e7METCJU=' \/>\n            <input type='hidden' class='gform_hidden' name='gform_unique_id' value='' \/>\n            <input type='hidden' class='gform_hidden' name='state_7' value='WyJ7XCIxNi4xXCI6XCI1MDJjZTNiZmIyNzlkNDJjMjdiZWFjOTg0MGUyOWE4NlwiLFwiMTYuMlwiOlwiNjJhYzcxYWY4YmY2NzZjMzYyY2MxMWJiMDQ5ODk5ZDhcIixcIjE2LjNcIjpcIjEyMmNhZGNjNzllYTJkNWJmNThjNjg2NGMxZjFlYzJhXCJ9IiwiMjBjNmEwNjZkZGI3Mjk1ODNlMjI3NDY0NTc2YTNlZGEiXQ==' \/>\n            <input type='hidden' autocomplete='off' class='gform_hidden' name='gform_target_page_number_7' id='gform_target_page_number_7' value='0' \/>\n            <input type='hidden' autocomplete='off' class='gform_hidden' name='gform_source_page_number_7' id='gform_source_page_number_7' value='1' \/>\n            <input type='hidden' name='gform_field_values' value='' \/>\n            \n        <\/div>\n                        <\/form>\n                        <\/div>\n\t\t                <iframe style='display:none;width:0px;height:0px;' src='about:blank' name='gform_ajax_frame_7' id='gform_ajax_frame_7' title='Denna iframe inneh\u00e5ller logiken som beh\u00f6vs f\u00f6r att hantera Gravity Forms med Ajax-st\u00f6d.'><\/iframe>\n\t\t                <script type=\"text\/javascript\">\n\/* <![CDATA[ *\/\n gform.initializeOnLoaded( function() {gformInitSpinner( 7, 'https:\/\/anew-atta45.c3562.cloudnet.cloud\/e-butik\/wp-content\/plugins\/gravityforms\/images\/spinner.svg', true );jQuery('#gform_ajax_frame_7').on('load',function(){var contents = jQuery(this).contents().find('*').html();var is_postback = contents.indexOf('GF_AJAX_POSTBACK') >= 0;if(!is_postback){return;}var form_content = jQuery(this).contents().find('#gform_wrapper_7');var is_confirmation = jQuery(this).contents().find('#gform_confirmation_wrapper_7').length > 0;var is_redirect = contents.indexOf('gformRedirect(){') >= 0;var is_form = form_content.length > 0 && ! is_redirect && ! is_confirmation;var mt = parseInt(jQuery('html').css('margin-top'), 10) + parseInt(jQuery('body').css('margin-top'), 10) + 100;if(is_form){jQuery('#gform_wrapper_7').html(form_content.html());if(form_content.hasClass('gform_validation_error')){jQuery('#gform_wrapper_7').addClass('gform_validation_error');} else {jQuery('#gform_wrapper_7').removeClass('gform_validation_error');}setTimeout( function() { \/* delay the scroll by 50 milliseconds to fix a bug in chrome *\/  }, 50 );if(window['gformInitDatepicker']) {gformInitDatepicker();}if(window['gformInitPriceFields']) {gformInitPriceFields();}var current_page = jQuery('#gform_source_page_number_7').val();gformInitSpinner( 7, 'https:\/\/anew-atta45.c3562.cloudnet.cloud\/e-butik\/wp-content\/plugins\/gravityforms\/images\/spinner.svg', true );jQuery(document).trigger('gform_page_loaded', [7, current_page]);window['gf_submitting_7'] = false;}else if(!is_redirect){var confirmation_content = jQuery(this).contents().find('.GF_AJAX_POSTBACK').html();if(!confirmation_content){confirmation_content = contents;}jQuery('#gform_wrapper_7').replaceWith(confirmation_content);jQuery(document).trigger('gform_confirmation_loaded', [7]);window['gf_submitting_7'] = false;wp.a11y.speak(jQuery('#gform_confirmation_message_7').text());}else{jQuery('#gform_7').append(contents);if(window['gformRedirect']) {gformRedirect();}}jQuery(document).trigger(\"gform_pre_post_render\", [{ formId: \"7\", currentPage: \"current_page\", abort: function() { this.preventDefault(); } }]);        if (event && event.defaultPrevented) {                return;        }        const gformWrapperDiv = document.getElementById( \"gform_wrapper_7\" );        if ( gformWrapperDiv ) {            const visibilitySpan = document.createElement( \"span\" );            visibilitySpan.id = \"gform_visibility_test_7\";            gformWrapperDiv.insertAdjacentElement( \"afterend\", visibilitySpan );        }        const visibilityTestDiv = document.getElementById( \"gform_visibility_test_7\" );        let postRenderFired = false;        function triggerPostRender() {            if ( postRenderFired ) {                return;            }            postRenderFired = true;            gform.core.triggerPostRenderEvents( 7, current_page );            if ( visibilityTestDiv ) {                visibilityTestDiv.parentNode.removeChild( visibilityTestDiv );            }        }        function debounce( func, wait, immediate ) {            var timeout;            return function() {                var context = this, args = arguments;                var later = function() {                    timeout = null;                    if ( !immediate ) func.apply( context, args );                };                var callNow = immediate && !timeout;                clearTimeout( timeout );                timeout = setTimeout( later, wait );                if ( callNow ) func.apply( context, args );            };        }        const debouncedTriggerPostRender = debounce( function() {            triggerPostRender();        }, 200 );        if ( visibilityTestDiv && visibilityTestDiv.offsetParent === null ) {            const observer = new MutationObserver( ( mutations ) => {                mutations.forEach( ( mutation ) => {                    if ( mutation.type === 'attributes' && visibilityTestDiv.offsetParent !== null ) {                        debouncedTriggerPostRender();                        observer.disconnect();                    }                });            });            observer.observe( document.body, {                attributes: true,                childList: false,                subtree: true,                attributeFilter: [ 'style', 'class' ],            });        } else {            triggerPostRender();        }    } );} ); \n\/* ]]> *\/\n<\/script>\n\t\t<\/div>\r\n\t<\/div>\r\n<\/section>\r\n\n\n<section class=\"block hero default\" style=\"background-image: url( https:\/\/www.atta45.se\/wp-content\/uploads\/sites\/1\/2020\/03\/845_BANNER_N_NEW-scaled.jpg );\">\r\n\t<div class=\"hero--inner editor_content white\">\r\n\t\t<h3 style=\"text-align: center;\"><strong>Vi g\u00f6r livet enklare f\u00f6r v\u00e5ra kunder.<br \/>\n\u00c5tta.45 <\/strong>\u2013 <strong>ett fullservice tryckeri!<\/strong><\/h3>\n<h3 style=\"text-align: center;\"><\/h3>\n\t<\/div>\r\n<\/section>\r\n","protected":false},"excerpt":{"rendered":"","protected":false},"author":9,"featured_media":0,"parent":0,"menu_order":0,"comment_status":"closed","ping_status":"closed","template":"","meta":{"_acf_changed":false,"_seopress_robots_primary_cat":"","_seopress_titles_title":"","_seopress_titles_desc":"","_seopress_robots_index":"","inline_featured_image":false,"footnotes":""},"acf":[],"_links":{"self":[{"href":"https:\/\/anew-atta45.c3562.cloudnet.cloud\/e-butik\/wp-json\/wp\/v2\/pages\/2102"}],"collection":[{"href":"https:\/\/anew-atta45.c3562.cloudnet.cloud\/e-butik\/wp-json\/wp\/v2\/pages"}],"about":[{"href":"https:\/\/anew-atta45.c3562.cloudnet.cloud\/e-butik\/wp-json\/wp\/v2\/types\/page"}],"author":[{"embeddable":true,"href":"https:\/\/anew-atta45.c3562.cloudnet.cloud\/e-butik\/wp-json\/wp\/v2\/users\/9"}],"replies":[{"embeddable":true,"href":"https:\/\/anew-atta45.c3562.cloudnet.cloud\/e-butik\/wp-json\/wp\/v2\/comments?post=2102"}],"version-history":[{"count":101,"href":"https:\/\/anew-atta45.c3562.cloudnet.cloud\/e-butik\/wp-json\/wp\/v2\/pages\/2102\/revisions"}],"predecessor-version":[{"id":9381,"href":"https:\/\/anew-atta45.c3562.cloudnet.cloud\/e-butik\/wp-json\/wp\/v2\/pages\/2102\/revisions\/9381"}],"wp:attachment":[{"href":"https:\/\/anew-atta45.c3562.cloudnet.cloud\/e-butik\/wp-json\/wp\/v2\/media?parent=2102"}],"curies":[{"name":"wp","href":"https:\/\/api.w.org\/{rel}","templated":true}]}}